{"id":186,"date":"2024-04-29T04:51:18","date_gmt":"2024-04-29T07:51:18","guid":{"rendered":"https:\/\/goncalvesemoyses.com.br\/?page_id=186"},"modified":"2025-07-09T10:00:06","modified_gmt":"2025-07-09T13:00:06","slug":"sobre","status":"publish","type":"page","link":"https:\/\/goncalvesemoyses.com.br\/index.php\/sobre\/","title":{"rendered":"Sobre"},"content":{"rendered":"\t\t<div data-elementor-type=\"wp-post\" data-elementor-id=\"186\" class=\"elementor elementor-186\" data-elementor-post-type=\"page\">\n\t\t\t\t<div class=\"elementor-element elementor-element-48e34ad e-flex e-con-boxed e-con e-parent\" data-id=\"48e34ad\" data-element_type=\"container\" data-settings=\"{&quot;background_background&quot;:&quot;classic&quot;}\">\n\t\t\t\t\t<div class=\"e-con-inner\">\n\t\t<div class=\"elementor-element elementor-element-3e0b5834 e-con-full e-flex e-con e-child\" data-id=\"3e0b5834\" data-element_type=\"container\">\n\t\t\t\t<div class=\"elementor-element elementor-element-20e4cae9 elementor-headline--style-rotate elementor-widget elementor-widget-animated-headline\" data-id=\"20e4cae9\" data-element_type=\"widget\" data-settings=\"{&quot;headline_style&quot;:&quot;rotate&quot;,&quot;animation_type&quot;:&quot;slide&quot;,&quot;loop&quot;:&quot;yes&quot;,&quot;rotate_iteration_delay&quot;:2500}\" data-widget_type=\"animated-headline.default\">\n\t\t\t\t<div class=\"elementor-widget-container\">\n\t\t\t\t\t\t\t<h3 class=\"elementor-headline elementor-headline-animation-type-slide\">\n\t\t\t\t\t<span class=\"elementor-headline-plain-text elementor-headline-text-wrapper\">Sobre n\u00f3s<\/span>\n\t\t\t\t<span class=\"elementor-headline-dynamic-wrapper elementor-headline-text-wrapper\">\n\t\t\t\t<\/span>\n\t\t\t\t<\/h3>\n\t\t\t\t\t\t<\/div>\n\t\t\t\t<\/div>\n\t\t\t\t<div class=\"elementor-element elementor-element-74688328 elementor-align-left elementor-mobile-align-center elementor-widget elementor-widget-button\" data-id=\"74688328\" data-element_type=\"widget\" data-widget_type=\"button.default\">\n\t\t\t\t<div class=\"elementor-widget-container\">\n\t\t\t\t\t\t\t\t\t<div class=\"elementor-button-wrapper\">\n\t\t\t\t\t<a class=\"elementor-button elementor-button-link elementor-size-lg\" href=\"https:\/\/goncalvesemoyses.com.br\/index.php\/contato\/\">\n\t\t\t\t\t\t<span class=\"elementor-button-content-wrapper\">\n\t\t\t\t\t\t\t\t\t<span class=\"elementor-button-text\">ENTRE EM CONTATO CONOSCO<\/span>\n\t\t\t\t\t<\/span>\n\t\t\t\t\t<\/a>\n\t\t\t\t<\/div>\n\t\t\t\t\t\t\t\t<\/div>\n\t\t\t\t<\/div>\n\t\t\t\t<\/div>\n\t\t\t\t\t<\/div>\n\t\t\t\t<\/div>\n\t\t<div class=\"elementor-element elementor-element-583d1bd e-flex e-con-boxed e-con e-parent\" data-id=\"583d1bd\" data-element_type=\"container\" data-settings=\"{&quot;background_background&quot;:&quot;classic&quot;}\">\n\t\t\t\t\t<div class=\"e-con-inner\">\n\t\t\t\t<div class=\"elementor-element elementor-element-7f1adb5 elementor-widget__width-initial elementor-widget elementor-widget-heading\" data-id=\"7f1adb5\" data-element_type=\"widget\" data-widget_type=\"heading.default\">\n\t\t\t\t<div class=\"elementor-widget-container\">\n\t\t\t\t\t<h3 class=\"elementor-heading-title elementor-size-default\">Sobre<\/h3>\t\t\t\t<\/div>\n\t\t\t\t<\/div>\n\t\t\t\t<div class=\"elementor-element elementor-element-759110a elementor-widget-divider--view-line elementor-widget elementor-widget-divider\" data-id=\"759110a\" data-element_type=\"widget\" data-widget_type=\"divider.default\">\n\t\t\t\t<div class=\"elementor-widget-container\">\n\t\t\t\t\t\t\t<div class=\"elementor-divider\">\n\t\t\t<span class=\"elementor-divider-separator\">\n\t\t\t\t\t\t<\/span>\n\t\t<\/div>\n\t\t\t\t\t\t<\/div>\n\t\t\t\t<\/div>\n\t\t<div class=\"elementor-element elementor-element-879c351 e-flex e-con-boxed e-con e-child\" data-id=\"879c351\" data-element_type=\"container\">\n\t\t\t\t\t<div class=\"e-con-inner\">\n\t\t<div class=\"elementor-element elementor-element-e05f042 e-con-full e-flex e-con e-child\" data-id=\"e05f042\" data-element_type=\"container\">\n\t\t\t\t<div class=\"elementor-element elementor-element-34a878a elementor-widget__width-initial elementor-widget elementor-widget-heading\" data-id=\"34a878a\" data-element_type=\"widget\" data-widget_type=\"heading.default\">\n\t\t\t\t<div class=\"elementor-widget-container\">\n\t\t\t\t\t<h2 class=\"elementor-heading-title elementor-size-default\">Dr. Ricardo<\/h2>\t\t\t\t<\/div>\n\t\t\t\t<\/div>\n\t\t\t\t<div class=\"elementor-element elementor-element-c025862 animated-slow elementor-invisible elementor-widget elementor-widget-text-editor\" data-id=\"c025862\" data-element_type=\"widget\" data-settings=\"{&quot;_animation&quot;:&quot;fadeInLeft&quot;,&quot;_animation_delay&quot;:200}\" data-widget_type=\"text-editor.default\">\n\t\t\t\t<div class=\"elementor-widget-container\">\n\t\t\t\t\t\t\t\t\t<p>Dr. Ricardo Jos\u00e9 Gon\u00e7alves \u00e9 advogado com s\u00f3lida trajet\u00f3ria na gest\u00e3o p\u00fablica e mais de 15 anos de experi\u00eancia em cargos de lideran\u00e7a no Governo Federal, C\u00e2mara dos Deputados e Assembleia Legislativa do Maranh\u00e3o. Administrador por forma\u00e7\u00e3o e especialista em Gest\u00e3o P\u00fablica, atua com foco em planejamento estrat\u00e9gico, pol\u00edticas p\u00fablicas e direito administrativo.<\/p><p>\u00a0<\/p><p>Sua forma\u00e7\u00e3o jur\u00eddica teve in\u00edcio na Universidade Federal do Maranh\u00e3o (UFMA), foi ampliada na Universidade de Bras\u00edlia (UnB) e conclu\u00edda na Universidade Dom Bosco (UNDB), em S\u00e3o Lu\u00eds. Mesmo antes da formatura, foi aprovado no Exame da OAB, demonstrando alto dom\u00ednio t\u00e9cnico e comprometimento com a excel\u00eancia.<\/p><p>\u00a0<\/p><p>Seu perfil t\u00e9cnico, estrat\u00e9gico e comprometido com resultados faz do Dr. Ricardo um profissional preparado para oferecer solu\u00e7\u00f5es jur\u00eddicas com responsabilidade, vis\u00e3o e excel\u00eancia.<\/p>\t\t\t\t\t\t\t\t<\/div>\n\t\t\t\t<\/div>\n\t\t\t\t<\/div>\n\t\t<div class=\"elementor-element elementor-element-938c20c e-con-full e-flex e-con e-child\" data-id=\"938c20c\" data-element_type=\"container\">\n\t\t\t\t<div class=\"elementor-element elementor-element-51b37a0 elementor-invisible elementor-widget elementor-widget-image\" data-id=\"51b37a0\" data-element_type=\"widget\" data-settings=\"{&quot;_animation&quot;:&quot;fadeInRight&quot;}\" data-widget_type=\"image.default\">\n\t\t\t\t<div class=\"elementor-widget-container\">\n\t\t\t\t\t\t\t\t\t\t\t\t\t\t\t<img decoding=\"async\" src=\"https:\/\/goncalvesemoyses.com.br\/wp-content\/uploads\/elementor\/thumbs\/DSF9019-scaled-r864f8woaslsd6v4wbisbury4axjgrroqgomw1x7eo.jpg\" title=\"_DSF9019\" alt=\"_DSF9019\" loading=\"lazy\" \/>\t\t\t\t\t\t\t\t\t\t\t\t\t\t\t<\/div>\n\t\t\t\t<\/div>\n\t\t\t\t<\/div>\n\t\t\t\t\t<\/div>\n\t\t\t\t<\/div>\n\t\t<div class=\"elementor-element elementor-element-286a75d e-con-full e-flex e-con e-child\" data-id=\"286a75d\" data-element_type=\"container\">\n\t\t<div class=\"elementor-element elementor-element-ff7e8b0 e-con-full e-flex e-con e-child\" data-id=\"ff7e8b0\" data-element_type=\"container\">\n\t\t\t\t<div class=\"elementor-element elementor-element-48f8293 elementor-invisible elementor-widget elementor-widget-image\" data-id=\"48f8293\" data-element_type=\"widget\" data-settings=\"{&quot;_animation&quot;:&quot;fadeInRight&quot;}\" data-widget_type=\"image.default\">\n\t\t\t\t<div class=\"elementor-widget-container\">\n\t\t\t\t\t\t\t\t\t\t\t\t\t\t\t<img decoding=\"async\" src=\"https:\/\/goncalvesemoyses.com.br\/wp-content\/uploads\/elementor\/thumbs\/DSF9043-scaled-r864ecy5ufe1eg5k2xpgz2u9x7b2728ta2i4kn8la8.jpg\" title=\"_DSF9043\" alt=\"_DSF9043\" loading=\"lazy\" \/>\t\t\t\t\t\t\t\t\t\t\t\t\t\t\t<\/div>\n\t\t\t\t<\/div>\n\t\t\t\t<\/div>\n\t\t<div class=\"elementor-element elementor-element-9b72005 e-con-full e-flex e-con e-child\" data-id=\"9b72005\" data-element_type=\"container\">\n\t\t\t\t<div class=\"elementor-element elementor-element-d9b1a41 elementor-widget__width-initial elementor-widget elementor-widget-heading\" data-id=\"d9b1a41\" data-element_type=\"widget\" data-widget_type=\"heading.default\">\n\t\t\t\t<div class=\"elementor-widget-container\">\n\t\t\t\t\t<h2 class=\"elementor-heading-title elementor-size-default\">Dr. Yglesio<\/h2>\t\t\t\t<\/div>\n\t\t\t\t<\/div>\n\t\t\t\t<div class=\"elementor-element elementor-element-5d442a3 animated-slow elementor-invisible elementor-widget elementor-widget-text-editor\" data-id=\"5d442a3\" data-element_type=\"widget\" data-settings=\"{&quot;_animation&quot;:&quot;fadeInLeft&quot;,&quot;_animation_delay&quot;:200}\" data-widget_type=\"text-editor.default\">\n\t\t\t\t<div class=\"elementor-widget-container\">\n\t\t\t\t\t\t\t\t\t<p>Dr. Ygl\u00e9sio Moyses \u00e9 advogado e m\u00e9dico com mais de duas d\u00e9cadas de atua\u00e7\u00e3o na \u00e1rea da sa\u00fade, reunindo s\u00f3lida experi\u00eancia cl\u00ednica e expertise jur\u00eddica. Refer\u00eancia em Direito M\u00e9dico, construiu uma carreira marcada pela excel\u00eancia t\u00e9cnica, sensibilidade human\u00edstica e profundo conhecimento das responsabilidades legais que envolvem o exerc\u00edcio da Medicina no Brasil.<\/p><p><br><\/p>\n<p>Formado em Direito com foco nas quest\u00f5es \u00e9ticas e legais da pr\u00e1tica m\u00e9dica, Dr. Ygl\u00e9sio concluiu seu doutorado em tempo recorde \u2014 apenas um ano, demonstrando not\u00e1vel dedica\u00e7\u00e3o acad\u00eamica e capacidade anal\u00edtica. Sua forma\u00e7\u00e3o jur\u00eddica \u00e9 complementada por sua experi\u00eancia pr\u00e1tica como m\u00e9dico, o que lhe confere uma vis\u00e3o \u00fanica, precisa e diferenciada sobre os desafios enfrentados por profissionais, institui\u00e7\u00f5es de sa\u00fade e pacientes.<\/p><p><br><\/p>\n<p>Reconhecido por sua capacidade de conciliar teoria e pr\u00e1tica com equil\u00edbrio e autoridade, Dr. Ygl\u00e9sio Moyses se destaca como um profissional completo, pronto para oferecer solu\u00e7\u00f5es jur\u00eddicas inovadoras, \u00e9ticas e resolutivas no campo do Direito M\u00e9dico.<\/p>\t\t\t\t\t\t\t\t<\/div>\n\t\t\t\t<\/div>\n\t\t\t\t<\/div>\n\t\t\t\t<\/div>\n\t\t\t\t\t<\/div>\n\t\t\t\t<\/div>\n\t\t\t\t<\/div>\n\t\t","protected":false},"excerpt":{"rendered":"<p>Sobre n\u00f3s ENTRE EM CONTATO CONOSCO Sobre Dr. Ricardo Dr. Ricardo Jos\u00e9 Gon\u00e7alves \u00e9 advogado com s\u00f3lida trajet\u00f3ria na gest\u00e3o p\u00fablica e mais de 15 anos de experi\u00eancia em cargos de lideran\u00e7a no Governo Federal, C\u00e2mara dos Deputados e Assembleia Legislativa do Maranh\u00e3o. Administrador por forma\u00e7\u00e3o e especialista em Gest\u00e3o P\u00fablica, atua com foco em&hellip; <a class=\"more-link\" href=\"https:\/\/goncalvesemoyses.com.br\/index.php\/sobre\/\">Continuar lendo <span class=\"screen-reader-text\">Sobre<\/span><\/a><\/p>\n","protected":false},"author":1,"featured_media":0,"parent":0,"menu_order":0,"comment_status":"closed","ping_status":"closed","template":"elementor_header_footer","meta":{"footnotes":""},"class_list":["post-186","page","type-page","status-publish","hentry","entry"],"_links":{"self":[{"href":"https:\/\/goncalvesemoyses.com.br\/index.php\/wp-json\/wp\/v2\/pages\/186","targetHints":{"allow":["GET"]}}],"collection":[{"href":"https:\/\/goncalvesemoyses.com.br\/index.php\/wp-json\/wp\/v2\/pages"}],"about":[{"href":"https:\/\/goncalvesemoyses.com.br\/index.php\/wp-json\/wp\/v2\/types\/page"}],"author":[{"embeddable":true,"href":"https:\/\/goncalvesemoyses.com.br\/index.php\/wp-json\/wp\/v2\/users\/1"}],"replies":[{"embeddable":true,"href":"https:\/\/goncalvesemoyses.com.br\/index.php\/wp-json\/wp\/v2\/comments?post=186"}],"version-history":[{"count":103,"href":"https:\/\/goncalvesemoyses.com.br\/index.php\/wp-json\/wp\/v2\/pages\/186\/revisions"}],"predecessor-version":[{"id":1106,"href":"https:\/\/goncalvesemoyses.com.br\/index.php\/wp-json\/wp\/v2\/pages\/186\/revisions\/1106"}],"wp:attachment":[{"href":"https:\/\/goncalvesemoyses.com.br\/index.php\/wp-json\/wp\/v2\/media?parent=186"}],"curies":[{"name":"wp","href":"https:\/\/api.w.org\/{rel}","templated":true}]}}